{"id":6,"date":"2013-12-13T14:41:08","date_gmt":"2013-12-13T12:41:08","guid":{"rendered":"http:\/\/neu.steinsdorf-thueringen.de\/?page_id=6"},"modified":"2013-12-18T09:58:45","modified_gmt":"2013-12-18T08:58:45","slug":"kultur","status":"publish","type":"page","link":"https:\/\/www.steinsdorf-thueringen.de\/?page_id=6","title":{"rendered":"Sehenswertes"},"content":{"rendered":"<h3><span style=\"color: #220e10;\"><b>in Steinsdorf<\/b><\/span><\/h3>\n<p>&#8211; neugestaltetes Dorfzentrum mit vielen renovierten Fachwerkbauten<br \/>\n&#8211; sch\u00f6ne Hofanlagen im ganzen Ort<br \/>\n&#8211; Festwiese mit Festhalle und \u00f6kologischem Spielplatz<br \/>\n&#8211; Sportlerheim mit Jugendclub<br \/>\n&#8211; Kirche mit Pfarrhaus und Kirchgarten<br \/>\n&#8211; Friedhof (angelegt 1905) mit Ehrenmal der Kriegsgefallenen (angelegt 1997)<\/p>\n<p>Es wird ein kleiner Dorfrundgang empfohlen<\/p>\n<h3><span style=\"color: #220e10;\"><b>in Gr\u00e4fenbr\u00fcck<\/b><\/span><\/h3>\n<p>&#8211; ehemalige Dom\u00e4ne<br \/>\n&#8211; sch\u00f6ne H\u00f6fe mit Tradition entlang der Hauptstra\u00dfe<br \/>\n&#8211; Friedhofsanlage<br \/>\n&#8211; alte Steinbr\u00fccke an der Natterm\u00fchle<\/p>\n<h3><span style=\"color: #220e10;\"><b>in Loitsch<\/b><\/span><\/h3>\n<p>&#8211; ehemaliges Kurhaus<br \/>\n&#8211; sch\u00f6ne Hofanlagen<br \/>\n&#8211; Pflaummu\u00dfh\u00f6hle<br \/>\n&#8211; ehemalige Loitsch-M\u00fchle<br \/>\n&#8211; Aussichtspunkt &#8222;Wei\u00dfer Stein&#8220; (Richtung Hohenleuben)<br \/>\n&#8211; Waldstra\u00dfe nach Sch\u00fcptitz<\/p>\n<h3><span style=\"color: #220e10;\"><b>in Sch\u00fcptitz<\/b><\/span><\/h3>\n<p>&#8211; alte Wehrkirche mit Schnitzaltar aus dem Mittelalter<br \/>\n&#8211; renoviertes altes Gemeindehaus mit Heimatstube<br \/>\n&#8211; neugestalteter Dorfplatz<br \/>\n&#8211; sch\u00f6ne traditionelle alte H\u00f6fe<br \/>\n&#8211; \u00f6kologischer Spielplatz<br \/>\n&#8211; Weg zur Valentinsm\u00fchle<\/p>\n<p>&nbsp;<\/p>\n","protected":false},"excerpt":{"rendered":"<p>in Steinsdorf &#8211; neugestaltetes Dorfzentrum mit vielen renovierten Fachwerkbauten &#8211; sch\u00f6ne Hofanlagen im ganzen Ort &#8211; Festwiese mit Festhalle und \u00f6kologischem Spielplatz &#8211; Sportlerheim mit Jugendclub &#8211; Kirche mit Pfarrhaus und Kirchgarten &#8211; Friedhof (angelegt 1905) mit Ehrenmal der Kriegsgefallenen (angelegt 1997) Es wird ein kleiner Dorfrundgang empfohlen in Gr\u00e4fenbr\u00fcck &#8211; ehemalige Dom\u00e4ne &#8211; sch\u00f6ne &hellip; <a href=\"https:\/\/www.steinsdorf-thueringen.de\/?page_id=6\" class=\"more-link\"><span class=\"screen-reader-text\">Sehenswertes<\/span> weiterlesen <span class=\"meta-nav\">&rarr;<\/span><\/a><\/p>\n","protected":false},"author":1,"featured_media":0,"parent":0,"menu_order":0,"comment_status":"closed","ping_status":"closed","template":"","meta":{"footnotes":""},"class_list":["post-6","page","type-page","status-publish","hentry"],"_links":{"self":[{"href":"https:\/\/www.steinsdorf-thueringen.de\/index.php?rest_route=\/wp\/v2\/pages\/6","targetHints":{"allow":["GET"]}}],"collection":[{"href":"https:\/\/www.steinsdorf-thueringen.de\/index.php?rest_route=\/wp\/v2\/pages"}],"about":[{"href":"https:\/\/www.steinsdorf-thueringen.de\/index.php?rest_route=\/wp\/v2\/types\/page"}],"author":[{"embeddable":true,"href":"https:\/\/www.steinsdorf-thueringen.de\/index.php?rest_route=\/wp\/v2\/users\/1"}],"replies":[{"embeddable":true,"href":"https:\/\/www.steinsdorf-thueringen.de\/index.php?rest_route=%2Fwp%2Fv2%2Fcomments&post=6"}],"version-history":[{"count":4,"href":"https:\/\/www.steinsdorf-thueringen.de\/index.php?rest_route=\/wp\/v2\/pages\/6\/revisions"}],"predecessor-version":[{"id":64,"href":"https:\/\/www.steinsdorf-thueringen.de\/index.php?rest_route=\/wp\/v2\/pages\/6\/revisions\/64"}],"wp:attachment":[{"href":"https:\/\/www.steinsdorf-thueringen.de\/index.php?rest_route=%2Fwp%2Fv2%2Fmedia&parent=6"}],"curies":[{"name":"wp","href":"https:\/\/api.w.org\/{rel}","templated":true}]}}