{"id":8,"date":"2013-12-13T14:41:41","date_gmt":"2013-12-13T12:41:41","guid":{"rendered":"http:\/\/neu.steinsdorf-thueringen.de\/?page_id=8"},"modified":"2014-01-05T19:52:19","modified_gmt":"2014-01-05T18:52:19","slug":"freizeit","status":"publish","type":"page","link":"https:\/\/www.steinsdorf-thueringen.de\/?page_id=8","title":{"rendered":"Freizeit"},"content":{"rendered":"<h3><span style=\"color: #220e10;\">Kinder &amp; Jugend<\/span><\/h3>\n<p style=\"text-align: justify;\">Eine langj\u00e4hrig agierende Institution in Steinsdorf ist der Jugendverein, welcher sich stets rege am gemeinschaftlichen Leben im Ort beteiligt. Sein Quartier hat der Jugendverein im Jugend und Sportlerheim. Hier hat die Jugend ihren Treffpunkt von dem aus sie Ihre gemeinsame Freizeit planen und immer wieder neue Ideen f\u00fcr besondere Aktionen entwickeln. Ein Highlight sind die vom Jugendverein durchgef\u00fchrten Veranstaltungen f\u00fcr Jung und Alt. So finden die aufw\u00e4ndig organisierten Feste und Tanzveranstaltungen regen Anklang bei den Steinsdorfern und Menschen der umliegenden Gemeinden und St\u00e4dte.<\/p>\n<h3><span style=\"color: #220e10;\">Sport<\/span><\/h3>\n<p><span style=\"color: #220e10;\"><b>Fussball<\/b><\/span><\/p>\n<p style=\"text-align: justify;\">Der 1990 gegr\u00fcndete Fussballverein Blau-Weiss 90 Steinsdorf kann mittlerweile viele Jahre erfolgreichen Spielbetrieb zur\u00fcck blicken. Im Jahr 2010 gr\u00fcndete der Fussballverein seine erste Frauenfu\u00dfballmannschaft. Weitere Informationen finden Sie auf der Homepage des Vereins.<\/p>\n<p><a href=\"http:\/\/blau-weiss-steinsdorf.jimdo.com\/\">http:\/\/blau-weiss-steinsdorf.jimdo.com\/<\/a><\/p>\n<h3><span style=\"color: #220e10;\">\u00a0Weitere Vereine in Steinsdorf<\/span><\/h3>\n<ul>\n<li>Feuerwehrverein e.V.<\/li>\n<\/ul>\n<ul>\n<li>Antennengemeinschaft e.V.<\/li>\n<\/ul>\n<ul>\n<li>Kleingartenverein e.V.<\/li>\n<\/ul>\n<ul>\n<li>Sportverein &#8222;SG Blau-Weiss 90 Steinsdorf&#8220;<\/li>\n<\/ul>\n<ul>\n<li>Jugendverein<\/li>\n<\/ul>\n<ul>\n<li>Ortsverein der Arbeiterwohlfahrt<\/li>\n<\/ul>\n<ul>\n<li>Jagdgenossenschaft Steinsdorf<\/li>\n<\/ul>\n<ul>\n<li>Kaninchenz\u00fcchterverein<\/li>\n<\/ul>\n<ul>\n<li>Hundesportverein Steinsdorf e.V.<\/li>\n<\/ul>\n<p>&nbsp;<\/p>\n<p>&nbsp;<\/p>\n","protected":false},"excerpt":{"rendered":"<p>Kinder &amp; Jugend Eine langj\u00e4hrig agierende Institution in Steinsdorf ist der Jugendverein, welcher sich stets rege am gemeinschaftlichen Leben im Ort beteiligt. Sein Quartier hat der Jugendverein im Jugend und Sportlerheim. Hier hat die Jugend ihren Treffpunkt von dem aus sie Ihre gemeinsame Freizeit planen und immer wieder neue Ideen f\u00fcr besondere Aktionen entwickeln. Ein &hellip; <a href=\"https:\/\/www.steinsdorf-thueringen.de\/?page_id=8\" class=\"more-link\"><span class=\"screen-reader-text\">Freizeit<\/span> weiterlesen <span class=\"meta-nav\">&rarr;<\/span><\/a><\/p>\n","protected":false},"author":1,"featured_media":0,"parent":0,"menu_order":0,"comment_status":"closed","ping_status":"closed","template":"","meta":{"footnotes":""},"class_list":["post-8","page","type-page","status-publish","hentry"],"_links":{"self":[{"href":"https:\/\/www.steinsdorf-thueringen.de\/index.php?rest_route=\/wp\/v2\/pages\/8","targetHints":{"allow":["GET"]}}],"collection":[{"href":"https:\/\/www.steinsdorf-thueringen.de\/index.php?rest_route=\/wp\/v2\/pages"}],"about":[{"href":"https:\/\/www.steinsdorf-thueringen.de\/index.php?rest_route=\/wp\/v2\/types\/page"}],"author":[{"embeddable":true,"href":"https:\/\/www.steinsdorf-thueringen.de\/index.php?rest_route=\/wp\/v2\/users\/1"}],"replies":[{"embeddable":true,"href":"https:\/\/www.steinsdorf-thueringen.de\/index.php?rest_route=%2Fwp%2Fv2%2Fcomments&post=8"}],"version-history":[{"count":6,"href":"https:\/\/www.steinsdorf-thueringen.de\/index.php?rest_route=\/wp\/v2\/pages\/8\/revisions"}],"predecessor-version":[{"id":432,"href":"https:\/\/www.steinsdorf-thueringen.de\/index.php?rest_route=\/wp\/v2\/pages\/8\/revisions\/432"}],"wp:attachment":[{"href":"https:\/\/www.steinsdorf-thueringen.de\/index.php?rest_route=%2Fwp%2Fv2%2Fmedia&parent=8"}],"curies":[{"name":"wp","href":"https:\/\/api.w.org\/{rel}","templated":true}]}}